{"id":20,"date":"2026-03-11T11:07:19","date_gmt":"2026-03-11T10:07:19","guid":{"rendered":"https:\/\/wpdev.black-sequoia.com\/?page_id=20"},"modified":"2026-04-02T14:47:25","modified_gmt":"2026-04-02T12:47:25","slug":"page-de-test-ds","status":"publish","type":"page","link":"https:\/\/wpdev.black-sequoia.com\/","title":{"rendered":"Page de test D&amp;S"},"content":{"rendered":"\n<section class=\"hero-energy\">\n  <div class=\"hero-energy__diagonal\">\n    <span><\/span>\n    <span><\/span>\n  <\/div>\n\n  <div class=\"hero-energy__container\">\n    <div class=\"hero-energy__visual\">\n      <!-- bouteille floue derri\u00e8re -->\n      <img decoding=\"async\" class=\"hero-energy__bottle-back\"\n        src=\"http:\/\/wpdev.black-sequoia.com\/wp-content\/uploads\/2026\/03\/bouteille.png\" alt=\"Energy Boost secondaire\" \/>\n\n      <!-- bouteille principale -->\n      <img decoding=\"async\" class=\"hero-energy__bottle-main\"\n        src=\"http:\/\/wpdev.black-sequoia.com\/wp-content\/uploads\/2026\/03\/bouteille.png\" alt=\"Energy Boost Original\" \/>\n    <\/div>\n\n    <div class=\"hero-energy__content\">\n      <div class=\"hero-energy__rating\">\n        <span class=\"hero-energy__stars\">\u2605\u2605\u2605\u2605\u2605<\/span>\n        <span>Test\u00e9 et valid\u00e9 par nos clients<\/span>\n      <\/div>\n\n      <h1 class=\"hero-energy__title\">\n        <span class=\"white\">Le shot<\/span>\n        <span class=\"white\">qui remplace<\/span>\n        <span class=\"black\">3 caf\u00e9s serr\u00e9s<\/span>\n      <\/h1>\n\n      <p class=\"hero-energy__text\">\n        <span class=\"bold\">Un format de 50 ml, en une gorg\u00e9e, pour booster ses journ\u00e9es :<\/span><\/br>\n        focus imm\u00e9diat, \u00e9nergie rapide et durable, sans crash glyc\u00e9mique.\ud83d\udd25\n      <\/p>\n\n      <div class=\"hero-energy__actions\">\n        <a href=\"#\" class=\"hero-energy__btn\">D\u00e9couvrir Energy Boost<\/a>\n\n        <div class=\"hero-energy__badges\">\n          <div class=\"badge badge--round\">FR<\/div>\n          <div class=\"badge badge--blue\">Sans sucres<\/div>\n          <div class=\"badge badge--green\">Vegan<\/div>\n        <\/div>\n      <\/div>\n    <\/div>\n  <\/div>\n<\/section>\n\n\n\n<div class=\"container\">\n  <div class=\"equipe_box_container\">\n    <div class=\"equipe_box_item\">\n      <img decoding=\"async\" src=\"http:\/\/wpdev.black-sequoia.com\/wp-content\/uploads\/2026\/03\/bloc3.jpg\" \/>\n      <div class=\"carte_overlay\"><\/div>\n      <div class=\"carte_content\">\n        <p>pour <\/br>d\u00e9marrer la <\/br><span>journ\u00e9e\ud83d\udd25<\/span><\/p>\n      <\/div>\n    <\/div>\n    <div class=\"equipe_box_item\">\n      <img decoding=\"async\" src=\"http:\/\/wpdev.black-sequoia.com\/wp-content\/uploads\/2026\/03\/bloc_3_2.jpg\" \/>\n      <div class=\"carte_overlay\"><\/div>\n      <div class=\"carte_content\">\n        <p>pour <\/br>d\u00e9marrer la <\/br><span>journ\u00e9e<\/span><\/p>\n      <\/div>\n    <\/div>\n    <div class=\"equipe_box_item\">\n      <img decoding=\"async\" src=\"http:\/\/wpdev.black-sequoia.com\/wp-content\/uploads\/2026\/03\/bloc3.jpg\" \/>\n      <div class=\"carte_overlay\"><\/div>\n      <div class=\"carte_content\">\n        <p>pour <\/br>d\u00e9marrer la <\/br><span>journ\u00e9e<\/span><\/p>\n      <\/div>\n    <\/div>\n    <div class=\"equipe_box_item\">\n      <img decoding=\"async\" src=\"http:\/\/wpdev.black-sequoia.com\/wp-content\/uploads\/2026\/03\/bloc_3_2.jpg\" \/>\n      <div class=\"carte_overlay\"><\/div>\n      <div class=\"carte_content\">\n        <p>pour <\/br>d\u00e9marrer la <\/br><span>journ\u00e9e<\/span><\/p>\n      <\/div>\n    <\/div>\n    <div class=\"equipe_box_item\">\n      <img decoding=\"async\" src=\"http:\/\/wpdev.black-sequoia.com\/wp-content\/uploads\/2026\/03\/bloc3.jpg\" \/>\n      <div class=\"carte_overlay\"><\/div>\n      <div class=\"carte_content\">\n        <p>pour <\/br>d\u00e9marrer la <\/br><span>journ\u00e9e<\/span><\/p>\n      <\/div>\n    <\/div>\n    <div class=\"equipe_box_item\">\n      <img decoding=\"async\" src=\"http:\/\/wpdev.black-sequoia.com\/wp-content\/uploads\/2026\/03\/bloc_3_2.jpg\" \/>\n      <div class=\"carte_overlay\"><\/div>\n      <div class=\"carte_content\">\n        <p>pour <\/br>d\u00e9marrer la <\/br><span>journ\u00e9e<\/span><\/p>\n      <\/div>\n    <\/div>\n  <\/div>\n<\/div>\n\n\n\n<div class=\"bloc_04_global\">\n  <div class=\"bloc_bandeau\">\n    <div class=\"defilement\" id=\"defilement\">\n      <div class=\"liste_defilante\">\n        <p>0 sucre \/ 1 calorie<\/p>\n        <p>0 sucre \/ 1 calorie<\/p>\n        <p>0 sucre \/ 1 calorie<\/p>\n        <p>0 sucre \/ 1 calorie<\/p>\n        <p>0 sucre \/ 1 calorie<\/p>\n      <\/div>\n    <\/div>\n  <\/div>\n\n  <div class=\"bloc_04\">\n    <img decoding=\"async\" src=\"http:\/\/wpdev.black-sequoia.com\/wp-content\/uploads\/2026\/03\/bloc_04.jpg\" class=\"desktop\" \/>\n    <img decoding=\"async\" src=\"http:\/\/wpdev.black-sequoia.com\/wp-content\/uploads\/2026\/03\/bloc_04_mobile.jpg\" class=\"mobile\" \/>\n  <\/div>\n\n\n\n<div class=\"wp-block-columns bloc_05 is-layout-flex wp-container-core-columns-is-layout-28f84493 wp-block-columns-is-layout-flex\">\n<div class=\"wp-block-column bloc_05_carte is-layout-flow wp-block-column-is-layout-flow\">\n<div class=\"wp-block-group bloc_05_flex has-global-padding is-layout-constrained wp-block-group-is-layout-constrained\">\n<div class=\"wp-block-group bloc_05_chiffre has-global-padding is-layout-constrained wp-block-group-is-layout-constrained\">\n<p>1<\/p>\n<\/div>\n\n\n\n<div class=\"wp-block-group bloc_05_contenu has-global-padding is-layout-constrained wp-block-group-is-layout-constrained\">\n<figure class=\"wp-block-image size-full\"><img loading=\"lazy\" decoding=\"async\" width=\"694\" height=\"576\" src=\"http:\/\/wpdev.black-sequoia.com\/wp-content\/uploads\/2026\/03\/02.jpg\" alt=\"\" class=\"wp-image-66\" style=\"object-fit:cover\" srcset=\"https:\/\/wpdev.black-sequoia.com\/wp-content\/uploads\/2026\/03\/02.jpg 694w, https:\/\/wpdev.black-sequoia.com\/wp-content\/uploads\/2026\/03\/02-300x249.jpg 300w\" sizes=\"auto, (max-width: 694px) 100vw, 694px\" \/><\/figure>\n<\/div>\n<\/div>\n\n\n\n<div class=\"wp-block-group bloc_05_contenu has-global-padding is-layout-constrained wp-block-group-is-layout-constrained\">\n<h3 class=\"wp-block-heading\">Toujours pr\u00eat<\/h3>\n\n\n\n<p>Format 50ml compact, sans sucres, facile \u00e0 emporter et pr\u00eat quand vous en avez besoin.<\/p>\n<\/div>\n<\/div>\n\n\n\n<div class=\"wp-block-column bloc_05_carte is-layout-flow wp-block-column-is-layout-flow\">\n<div class=\"wp-block-group bloc_05_flex has-global-padding is-layout-constrained wp-block-group-is-layout-constrained\">\n<div class=\"wp-block-group bloc_05_chiffre has-global-padding is-layout-constrained wp-block-group-is-layout-constrained\">\n<p>2<\/p>\n<\/div>\n\n\n\n<div class=\"wp-block-group bloc_05_contenu has-global-padding is-layout-constrained wp-block-group-is-layout-constrained\">\n<figure class=\"wp-block-image size-full\"><img loading=\"lazy\" decoding=\"async\" width=\"694\" height=\"576\" src=\"http:\/\/wpdev.black-sequoia.com\/wp-content\/uploads\/2026\/03\/02.jpg\" alt=\"\" class=\"wp-image-66\" style=\"object-fit:cover\" srcset=\"https:\/\/wpdev.black-sequoia.com\/wp-content\/uploads\/2026\/03\/02.jpg 694w, https:\/\/wpdev.black-sequoia.com\/wp-content\/uploads\/2026\/03\/02-300x249.jpg 300w\" sizes=\"auto, (max-width: 694px) 100vw, 694px\" \/><\/figure>\n<\/div>\n<\/div>\n\n\n\n<div class=\"wp-block-group bloc_05_contenu has-global-padding is-layout-constrained wp-block-group-is-layout-constrained\">\n<h3 class=\"wp-block-heading\">Toujours pr\u00eat<\/h3>\n\n\n\n<p>Format 50ml compact, sans sucres, facile \u00e0 emporter et pr\u00eat quand vous en avez besoin.<\/p>\n<\/div>\n<\/div>\n\n\n\n<div class=\"wp-block-column bloc_05_carte is-layout-flow wp-block-column-is-layout-flow\">\n<div class=\"wp-block-group bloc_05_flex has-global-padding is-layout-constrained wp-block-group-is-layout-constrained\">\n<div class=\"wp-block-group bloc_05_chiffre has-global-padding is-layout-constrained wp-block-group-is-layout-constrained\">\n<p>3<\/p>\n<\/div>\n\n\n\n<div class=\"wp-block-group bloc_05_contenu has-global-padding is-layout-constrained wp-block-group-is-layout-constrained\">\n<figure class=\"wp-block-image size-full\"><img loading=\"lazy\" decoding=\"async\" width=\"694\" height=\"576\" src=\"http:\/\/wpdev.black-sequoia.com\/wp-content\/uploads\/2026\/03\/02.jpg\" alt=\"\" class=\"wp-image-66\" style=\"object-fit:cover\" srcset=\"https:\/\/wpdev.black-sequoia.com\/wp-content\/uploads\/2026\/03\/02.jpg 694w, https:\/\/wpdev.black-sequoia.com\/wp-content\/uploads\/2026\/03\/02-300x249.jpg 300w\" sizes=\"auto, (max-width: 694px) 100vw, 694px\" \/><\/figure>\n<\/div>\n<\/div>\n\n\n\n<div class=\"wp-block-group bloc_05_contenu has-global-padding is-layout-constrained wp-block-group-is-layout-constrained\">\n<h3 class=\"wp-block-heading\">Toujours pr\u00eat<\/h3>\n\n\n\n<p>Format 50ml compact, sans sucres, facile \u00e0 emporter et pr\u00eat quand vous en avez besoin.<\/p>\n<\/div>\n<\/div>\n<\/div>\n\n\n\n<div class=\"ds_global_devenir_revendeur\">\n  <div class=\"ds_devenir_revendeur\">\n    <div class=\"ds_devenir_revendeur_box_item\">\n      <div class=\"ds_carte_reassurance\">\n        <div class=\"ds_carte_reassurance_flex\">\n          <div class=\"ds_carte_reassurance_checklist\">\n            <img decoding=\"async\" src=\"http:\/\/wpdev.black-sequoia.com\/wp-content\/uploads\/2026\/04\/check.svg\" \/>\n          <\/div>\n          <div class=\"ds_carte_reassurance_contenu\">\n            <h3>Align\u00e9 avec les nouveaux modes de vie<\/h3>\n            <p>Clients press\u00e9s, actifs, en mouvemnt : le format shot s&rsquo;y pr\u00eate parfaitement<\/p>\n          <\/div>\n        <\/div>\n      <\/div>\n    <\/div>\n    <div class=\"ds_devenir_revendeur_box_item\">\n      <div class=\"ds_carte_reassurance\">\n        <div class=\"ds_carte_reassurance_flex\">\n          <div class=\"ds_carte_reassurance_checklist\">\n            <img decoding=\"async\" src=\"http:\/\/wpdev.black-sequoia.com\/wp-content\/uploads\/2026\/04\/check.svg\" \/>\n          <\/div>\n          <div class=\"ds_carte_reassurance_contenu\">\n            <h3>Align\u00e9 avec les nouveaux modes de vie<\/h3>\n            <p>Clients press\u00e9s, actifs, en mouvemnt : le format shot s&rsquo;y pr\u00eate parfaitement<\/p>\n          <\/div>\n        <\/div>\n      <\/div>\n    <\/div>\n    <div class=\"ds_devenir_revendeur_box_item\">\n      <div class=\"ds_carte_reassurance\">\n        <div class=\"ds_carte_reassurance_flex\">\n          <div class=\"ds_carte_reassurance_checklist\">\n            <img decoding=\"async\" src=\"http:\/\/wpdev.black-sequoia.com\/wp-content\/uploads\/2026\/04\/check.svg\" \/>\n          <\/div>\n          <div class=\"ds_carte_reassurance_contenu\">\n            <h3>Align\u00e9 avec les nouveaux modes de vie<\/h3>\n            <p>Clients press\u00e9s, actifs, en mouvemnt : le format shot s&rsquo;y pr\u00eate parfaitement<\/p>\n          <\/div>\n        <\/div>\n      <\/div>\n    <\/div>\n    <div class=\"ds_devenir_revendeur_box_item\">\n      <div class=\"ds_carte_reassurance\">\n        <div class=\"ds_carte_reassurance_flex\">\n          <div class=\"ds_carte_reassurance_checklist\">\n            <img decoding=\"async\" src=\"http:\/\/wpdev.black-sequoia.com\/wp-content\/uploads\/2026\/04\/check.svg\" \/>\n          <\/div>\n          <div class=\"ds_carte_reassurance_contenu\">\n            <h3>Align\u00e9 avec les nouveaux modes de vie<\/h3>\n            <p>Clients press\u00e9s, actifs, en mouvemnt : le format shot s&rsquo;y pr\u00eate parfaitement<\/p>\n          <\/div>\n        <\/div>\n      <\/div>\n    <\/div>\n    <div class=\"ds_devenir_revendeur_box_item\">\n      <div class=\"ds_carte_reassurance\">\n        <div class=\"ds_carte_reassurance_flex\">\n          <div class=\"ds_carte_reassurance_checklist\">\n            <img decoding=\"async\" src=\"http:\/\/wpdev.black-sequoia.com\/wp-content\/uploads\/2026\/04\/check.svg\" \/>\n          <\/div>\n          <div class=\"ds_carte_reassurance_contenu\">\n            <h3>Align\u00e9 avec les nouveaux modes de vie<\/h3>\n            <p>Clients press\u00e9s, actifs, en mouvemnt : le format shot s&rsquo;y pr\u00eate parfaitement<\/p>\n          <\/div>\n        <\/div>\n      <\/div>\n    <\/div>\n  <\/div>\n<\/div>\n<\/div>\n\n<\/div>\n\n\n\n<html>\n<div class=\"ds_formulaire_newsletter\">\n    <div class=\"ds_formulaire_contenue\">\n        <div class=\"ds_formulaire_contenue_texte\">\n            <h3><span>-10%<\/span> sur la 1\u00e8re commande<\/h3>\n            <p><span>Inscription \u00e0 la newsletter :<\/span> \u201310 % sur la premi\u00e8re commande, + livraison offerte d\u00e8s 60 \u20ac.\n            <\/p>\n        <\/div>\n        <div class=\"ds_formulaire_mail\">\n            <form action=\"\/page-traitement-donnees\" method=\"post\">\n                <div class=\"form_bloc\">\n                    <div class=\"form_email\">\n                        <input type=\"email\" id=\"email\" class=\"email\" name=\"email\" placeholder=\"contact@drinkandshot.com\"\n                            required>\n                        <div class=\"form_submit\">\n                            <button type=\"submit\" class=\"cta_formulaire\">\u2794<\/button>\n                        <\/div>\n                    <\/div>\n                    <div class=\"ds_message_info\" style=\"display:block;\">\n                        Un e-mail de v\u00e9rification a \u00e9t\u00e9 envoy\u00e9. Veuillez l&rsquo;ouvrir.\n                    <\/div>\n                    <div class=\"ds_message_erreur\" style=\"display:block;\">\n                        Cette adresse email n&rsquo;existe pas. Veuillez r\u00e9essayer\n                    <\/div>\n                <\/div>\n            <\/form>\n        <\/div>\n    <\/div>\n<\/div>\n\n<\/html>\n","protected":false},"excerpt":{"rendered":"<p>\u2605\u2605\u2605\u2605\u2605 Test\u00e9 et valid\u00e9 par nos clients Le shot qui remplace 3 caf\u00e9s serr\u00e9s Un format de 50 ml, en une gorg\u00e9e, pour booster ses journ\u00e9es : focus imm\u00e9diat, \u00e9nergie rapide et durable, sans crash glyc\u00e9mique.\ud83d\udd25 D\u00e9couvrir Energy Boost FR Sans sucres Vegan pour d\u00e9marrer la journ\u00e9e\ud83d\udd25 pour d\u00e9marrer la journ\u00e9e pour d\u00e9marrer la journ\u00e9e [&hellip;]<\/p>\n","protected":false},"author":2,"featured_media":0,"parent":0,"menu_order":0,"comment_status":"closed","ping_status":"closed","template":"","meta":{"footnotes":""},"class_list":["post-20","page","type-page","status-publish","hentry"],"_links":{"self":[{"href":"https:\/\/wpdev.black-sequoia.com\/index.php\/wp-json\/wp\/v2\/pages\/20","targetHints":{"allow":["GET"]}}],"collection":[{"href":"https:\/\/wpdev.black-sequoia.com\/index.php\/wp-json\/wp\/v2\/pages"}],"about":[{"href":"https:\/\/wpdev.black-sequoia.com\/index.php\/wp-json\/wp\/v2\/types\/page"}],"author":[{"embeddable":true,"href":"https:\/\/wpdev.black-sequoia.com\/index.php\/wp-json\/wp\/v2\/users\/2"}],"replies":[{"embeddable":true,"href":"https:\/\/wpdev.black-sequoia.com\/index.php\/wp-json\/wp\/v2\/comments?post=20"}],"version-history":[{"count":70,"href":"https:\/\/wpdev.black-sequoia.com\/index.php\/wp-json\/wp\/v2\/pages\/20\/revisions"}],"predecessor-version":[{"id":166,"href":"https:\/\/wpdev.black-sequoia.com\/index.php\/wp-json\/wp\/v2\/pages\/20\/revisions\/166"}],"wp:attachment":[{"href":"https:\/\/wpdev.black-sequoia.com\/index.php\/wp-json\/wp\/v2\/media?parent=20"}],"curies":[{"name":"wp","href":"https:\/\/api.w.org\/{rel}","templated":true}]}}